{"id":12958,"date":"2025-09-10T09:22:01","date_gmt":"2025-09-10T12:22:01","guid":{"rendered":"http:\/\/localhost\/faca-parte\/de-seu-depoimento\/"},"modified":"2026-05-06T09:55:44","modified_gmt":"2026-05-06T12:55:44","slug":"share-your-testimonial","status":"publish","type":"page","link":"https:\/\/comcat.org\/en\/be-a-part\/share-your-testimonial\/","title":{"rendered":"Share Your Testimonial"},"content":{"rendered":"<h3>Compartilhe Sua Experi\u00eancia Interagindo com a ComCat<\/h3>\n<p>A ComCat s\u00f3 melhora com seu feedback. Aprendemos muito com nossos parceiros mobilizadores, leitores, aliados t\u00e9cnicos e apoiadores. Por favor, nos diga o que achas do nosso trabalho. Sua resposta \u00e9 confidencial. Caso gostar\u00edamos de divulgar, faremos contato para confirmar. Muito obrigada!<\/p>\n","protected":false},"excerpt":{"rendered":"<p>Lorem ipsum dolor sit amet, consectetur adipiscing elit, sed do eiusmod tempor incididunt ut labore et dolore magna aliqua. Ut enim ad minim veniam, quis nostrud exercitation ullamco laboris nisi ut aliquip ex ea commodo consequat. <\/p>\n","protected":false},"author":1,"featured_media":15176,"parent":12957,"menu_order":0,"comment_status":"closed","ping_status":"closed","template":"page-templates\/de-seu-depoimento.php","meta":{"_acf_changed":false,"inline_featured_image":false,"footnotes":""},"class_list":["post-12958","page","type-page","status-publish","has-post-thumbnail","hentry"],"acf":[],"yoast_head":"<!-- This site is optimized with the Yoast SEO plugin v26.9 - https:\/\/yoast.com\/product\/yoast-seo-wordpress\/ -->\n<title>Share Your Testimonial - Comunidades Catalisadoras | ComCat<\/title>\n<meta name=\"robots\" content=\"index, follow, max-snippet:-1, max-image-preview:large, max-video-preview:-1\" \/>\n<link rel=\"canonical\" href=\"https:\/\/comcat.org\/en\/be-a-part\/share-your-testimonial\/\" \/>\n<meta property=\"og:locale\" content=\"en_US\" \/>\n<meta property=\"og:type\" content=\"article\" \/>\n<meta property=\"og:title\" content=\"Share Your Testimonial - Comunidades Catalisadoras | ComCat\" \/>\n<meta property=\"og:description\" content=\"Lorem ipsum dolor sit amet, consectetur adipiscing elit, sed do eiusmod tempor incididunt ut labore et dolore magna aliqua. Ut enim ad minim veniam, quis nostrud exercitation ullamco laboris nisi ut aliquip ex ea commodo consequat.\" \/>\n<meta property=\"og:url\" content=\"https:\/\/comcat.org\/en\/be-a-part\/share-your-testimonial\/\" \/>\n<meta property=\"og:site_name\" content=\"Comunidades Catalisadoras | ComCat\" \/>\n<meta property=\"article:modified_time\" content=\"2026-05-06T12:55:44+00:00\" \/>\n<meta property=\"og:image\" content=\"https:\/\/comcat.org\/wp-content\/uploads\/2026\/01\/Cris_dos_Prazeres_depoimento-1024x345.png\" \/>\n\t<meta property=\"og:image:width\" content=\"1024\" \/>\n\t<meta property=\"og:image:height\" content=\"345\" \/>\n\t<meta property=\"og:image:type\" content=\"image\/png\" \/>\n<meta name=\"twitter:card\" content=\"summary_large_image\" \/>\n<meta name=\"twitter:label1\" content=\"Est. reading time\" \/>\n\t<meta name=\"twitter:data1\" content=\"1 minute\" \/>\n<script type=\"application\/ld+json\" class=\"yoast-schema-graph\">{\"@context\":\"https:\/\/schema.org\",\"@graph\":[{\"@type\":\"WebPage\",\"@id\":\"https:\/\/comcat.org\/en\/be-a-part\/share-your-testimonial\/\",\"url\":\"https:\/\/comcat.org\/en\/be-a-part\/share-your-testimonial\/\",\"name\":\"Share Your Testimonial - Comunidades Catalisadoras | ComCat\",\"isPartOf\":{\"@id\":\"https:\/\/comcat.org\/en\/#website\"},\"primaryImageOfPage\":{\"@id\":\"https:\/\/comcat.org\/en\/be-a-part\/share-your-testimonial\/#primaryimage\"},\"image\":{\"@id\":\"https:\/\/comcat.org\/en\/be-a-part\/share-your-testimonial\/#primaryimage\"},\"thumbnailUrl\":\"https:\/\/comcat.org\/wp-content\/uploads\/2026\/01\/Cris_dos_Prazeres_depoimento-scaled.png\",\"datePublished\":\"2025-09-10T12:22:01+00:00\",\"dateModified\":\"2026-05-06T12:55:44+00:00\",\"breadcrumb\":{\"@id\":\"https:\/\/comcat.org\/en\/be-a-part\/share-your-testimonial\/#breadcrumb\"},\"inLanguage\":\"en-US\",\"potentialAction\":[{\"@type\":\"ReadAction\",\"target\":[\"https:\/\/comcat.org\/en\/be-a-part\/share-your-testimonial\/\"]}]},{\"@type\":\"ImageObject\",\"inLanguage\":\"en-US\",\"@id\":\"https:\/\/comcat.org\/en\/be-a-part\/share-your-testimonial\/#primaryimage\",\"url\":\"https:\/\/comcat.org\/wp-content\/uploads\/2026\/01\/Cris_dos_Prazeres_depoimento-scaled.png\",\"contentUrl\":\"https:\/\/comcat.org\/wp-content\/uploads\/2026\/01\/Cris_dos_Prazeres_depoimento-scaled.png\",\"width\":2560,\"height\":863},{\"@type\":\"BreadcrumbList\",\"@id\":\"https:\/\/comcat.org\/en\/be-a-part\/share-your-testimonial\/#breadcrumb\",\"itemListElement\":[{\"@type\":\"ListItem\",\"position\":1,\"name\":\"In\u00edcio\",\"item\":\"https:\/\/comcat.org\/en\/\"},{\"@type\":\"ListItem\",\"position\":2,\"name\":\"Be a part\",\"item\":\"https:\/\/comcat.org\/en\/be-a-part\/\"},{\"@type\":\"ListItem\",\"position\":3,\"name\":\"Share Your Testimonial\"}]},{\"@type\":\"WebSite\",\"@id\":\"https:\/\/comcat.org\/en\/#website\",\"url\":\"https:\/\/comcat.org\/en\/\",\"name\":\"Comunidades Catalisadoras | ComCat\",\"description\":\"Solu\u00e7\u00f5es, Comunidades, Redes, Favelas, M\u00eddia Social\",\"potentialAction\":[{\"@type\":\"SearchAction\",\"target\":{\"@type\":\"EntryPoint\",\"urlTemplate\":\"https:\/\/comcat.org\/en\/?s={search_term_string}\"},\"query-input\":{\"@type\":\"PropertyValueSpecification\",\"valueRequired\":true,\"valueName\":\"search_term_string\"}}],\"inLanguage\":\"en-US\"}]}<\/script>\n<!-- \/ Yoast SEO plugin. -->","yoast_head_json":{"title":"Share Your Testimonial - Comunidades Catalisadoras | ComCat","robots":{"index":"index","follow":"follow","max-snippet":"max-snippet:-1","max-image-preview":"max-image-preview:large","max-video-preview":"max-video-preview:-1"},"canonical":"https:\/\/comcat.org\/en\/be-a-part\/share-your-testimonial\/","og_locale":"en_US","og_type":"article","og_title":"Share Your Testimonial - Comunidades Catalisadoras | ComCat","og_description":"Lorem ipsum dolor sit amet, consectetur adipiscing elit, sed do eiusmod tempor incididunt ut labore et dolore magna aliqua. Ut enim ad minim veniam, quis nostrud exercitation ullamco laboris nisi ut aliquip ex ea commodo consequat.","og_url":"https:\/\/comcat.org\/en\/be-a-part\/share-your-testimonial\/","og_site_name":"Comunidades Catalisadoras | ComCat","article_modified_time":"2026-05-06T12:55:44+00:00","og_image":[{"width":1024,"height":345,"url":"https:\/\/comcat.org\/wp-content\/uploads\/2026\/01\/Cris_dos_Prazeres_depoimento-1024x345.png","type":"image\/png"}],"twitter_card":"summary_large_image","twitter_misc":{"Est. reading time":"1 minute"},"schema":{"@context":"https:\/\/schema.org","@graph":[{"@type":"WebPage","@id":"https:\/\/comcat.org\/en\/be-a-part\/share-your-testimonial\/","url":"https:\/\/comcat.org\/en\/be-a-part\/share-your-testimonial\/","name":"Share Your Testimonial - Comunidades Catalisadoras | ComCat","isPartOf":{"@id":"https:\/\/comcat.org\/en\/#website"},"primaryImageOfPage":{"@id":"https:\/\/comcat.org\/en\/be-a-part\/share-your-testimonial\/#primaryimage"},"image":{"@id":"https:\/\/comcat.org\/en\/be-a-part\/share-your-testimonial\/#primaryimage"},"thumbnailUrl":"https:\/\/comcat.org\/wp-content\/uploads\/2026\/01\/Cris_dos_Prazeres_depoimento-scaled.png","datePublished":"2025-09-10T12:22:01+00:00","dateModified":"2026-05-06T12:55:44+00:00","breadcrumb":{"@id":"https:\/\/comcat.org\/en\/be-a-part\/share-your-testimonial\/#breadcrumb"},"inLanguage":"en-US","potentialAction":[{"@type":"ReadAction","target":["https:\/\/comcat.org\/en\/be-a-part\/share-your-testimonial\/"]}]},{"@type":"ImageObject","inLanguage":"en-US","@id":"https:\/\/comcat.org\/en\/be-a-part\/share-your-testimonial\/#primaryimage","url":"https:\/\/comcat.org\/wp-content\/uploads\/2026\/01\/Cris_dos_Prazeres_depoimento-scaled.png","contentUrl":"https:\/\/comcat.org\/wp-content\/uploads\/2026\/01\/Cris_dos_Prazeres_depoimento-scaled.png","width":2560,"height":863},{"@type":"BreadcrumbList","@id":"https:\/\/comcat.org\/en\/be-a-part\/share-your-testimonial\/#breadcrumb","itemListElement":[{"@type":"ListItem","position":1,"name":"In\u00edcio","item":"https:\/\/comcat.org\/en\/"},{"@type":"ListItem","position":2,"name":"Be a part","item":"https:\/\/comcat.org\/en\/be-a-part\/"},{"@type":"ListItem","position":3,"name":"Share Your Testimonial"}]},{"@type":"WebSite","@id":"https:\/\/comcat.org\/en\/#website","url":"https:\/\/comcat.org\/en\/","name":"Comunidades Catalisadoras | ComCat","description":"Solu\u00e7\u00f5es, Comunidades, Redes, Favelas, M\u00eddia Social","potentialAction":[{"@type":"SearchAction","target":{"@type":"EntryPoint","urlTemplate":"https:\/\/comcat.org\/en\/?s={search_term_string}"},"query-input":{"@type":"PropertyValueSpecification","valueRequired":true,"valueName":"search_term_string"}}],"inLanguage":"en-US"}]}},"_links":{"self":[{"href":"https:\/\/comcat.org\/en\/wp-json\/wp\/v2\/pages\/12958","targetHints":{"allow":["GET"]}}],"collection":[{"href":"https:\/\/comcat.org\/en\/wp-json\/wp\/v2\/pages"}],"about":[{"href":"https:\/\/comcat.org\/en\/wp-json\/wp\/v2\/types\/page"}],"author":[{"embeddable":true,"href":"https:\/\/comcat.org\/en\/wp-json\/wp\/v2\/users\/1"}],"replies":[{"embeddable":true,"href":"https:\/\/comcat.org\/en\/wp-json\/wp\/v2\/comments?post=12958"}],"version-history":[{"count":8,"href":"https:\/\/comcat.org\/en\/wp-json\/wp\/v2\/pages\/12958\/revisions"}],"predecessor-version":[{"id":16078,"href":"https:\/\/comcat.org\/en\/wp-json\/wp\/v2\/pages\/12958\/revisions\/16078"}],"up":[{"embeddable":true,"href":"https:\/\/comcat.org\/en\/wp-json\/wp\/v2\/pages\/12957"}],"wp:featuredmedia":[{"embeddable":true,"href":"https:\/\/comcat.org\/en\/wp-json\/wp\/v2\/media\/15176"}],"wp:attachment":[{"href":"https:\/\/comcat.org\/en\/wp-json\/wp\/v2\/media?parent=12958"}],"curies":[{"name":"wp","href":"https:\/\/api.w.org\/{rel}","templated":true}]}}