{"id":12959,"date":"2025-09-10T09:21:50","date_gmt":"2025-09-10T12:21:50","guid":{"rendered":"http:\/\/localhost\/faca-parte\/escreva\/"},"modified":"2026-05-06T10:03:01","modified_gmt":"2026-05-06T13:03:01","slug":"write","status":"publish","type":"page","link":"https:\/\/comcat.org\/en\/be-a-part\/write\/","title":{"rendered":"Submit Your Proposal"},"content":{"rendered":"<h2>Envie sua Proposta de pauta<\/h2>\n<p>O RioOnWatch \u00e9 um espa\u00e7o colaborativo de jornalismo comunit\u00e1rio e de direitos humanos.<br \/>\n                            Recebemos com muito carinho propostas de pautas de moradores, comunicadores populares,<br \/>\n                            pesquisadores e aliados que acreditam na for\u00e7a das vozes das favelas e periferias.\n                        <\/p>\n<ul class=\"list\"><li class=\"item\">\n\t\t\t\t\t<figure class=\"item__icon\">\n\t\t\t\t\t\t<i class=\"fa-classic fa-solid fa-check\" aria-hidden=\"true\"><\/i>\n\t\t\t\t\t<\/figure>\n\t\t\t\t\t<div class=\"item__text\">\n\t\t\t\t\t\tSe voc\u00ea tem uma hist\u00f3ria para contar, uma den\u00fancia a fazer, uma pauta inspiradora ou uma reflex\u00e3o para compartilhar, este \u00e9 o lugar certo. Queremos ouvir voc\u00ea!\n\t\t\t\t\t<\/div>\n\t\t\t\t\t<svg>\n\t\t\t\t\t\t<use xlink:href=\"https:\/\/comcat.org\/wp-content\/themes\/comcat\/assets\/img\/SVG\/sprite.svg#arrow\"><\/use>\n\t\t\t\t\t<\/svg>\n\t\t\t\t<\/li><\/ul>\n","protected":false},"excerpt":{"rendered":"<p>Lorem ipsum dolor sit amet, consectetur adipiscing elit, sed do eiusmod tempor incididunt ut<br \/>\n                            labore et dolore magna aliqua. Ut enim ad minim veniam, quis nostrud exercitation ullamco<br \/>\n                            laboris nisi ut aliquip ex ea commodo consequat.<\/p>\n","protected":false},"author":1,"featured_media":16064,"parent":12957,"menu_order":0,"comment_status":"closed","ping_status":"closed","template":"page-templates\/pauta.php","meta":{"_acf_changed":false,"inline_featured_image":false,"footnotes":""},"class_list":["post-12959","page","type-page","status-publish","has-post-thumbnail","hentry"],"acf":[],"yoast_head":"<!-- This site is optimized with the Yoast SEO plugin v26.9 - https:\/\/yoast.com\/product\/yoast-seo-wordpress\/ -->\n<title>Submit Your Proposal - Comunidades Catalisadoras | ComCat<\/title>\n<meta name=\"robots\" content=\"index, follow, max-snippet:-1, max-image-preview:large, max-video-preview:-1\" \/>\n<link rel=\"canonical\" href=\"https:\/\/comcat.org\/en\/be-a-part\/write\/\" \/>\n<meta property=\"og:locale\" content=\"en_US\" \/>\n<meta property=\"og:type\" content=\"article\" \/>\n<meta property=\"og:title\" content=\"Submit Your Proposal - Comunidades Catalisadoras | ComCat\" \/>\n<meta property=\"og:description\" content=\"Lorem ipsum dolor sit amet, consectetur adipiscing elit, sed do eiusmod tempor incididunt ut               labore et dolore magna aliqua. Ut enim ad minim veniam, quis nostrud exercitation ullamco               laboris nisi ut aliquip ex ea commodo consequat.\" \/>\n<meta property=\"og:url\" content=\"https:\/\/comcat.org\/en\/be-a-part\/write\/\" \/>\n<meta property=\"og:site_name\" content=\"Comunidades Catalisadoras | ComCat\" \/>\n<meta property=\"article:modified_time\" content=\"2026-05-06T13:03:01+00:00\" \/>\n<meta property=\"og:image\" content=\"https:\/\/comcat.org\/wp-content\/uploads\/2025\/09\/ec5845bd7d68a52cc80d5ea44c93249c4b0eb9ca.png\" \/>\n\t<meta property=\"og:image:width\" content=\"599\" \/>\n\t<meta property=\"og:image:height\" content=\"344\" \/>\n\t<meta property=\"og:image:type\" content=\"image\/png\" \/>\n<meta name=\"twitter:card\" content=\"summary_large_image\" \/>\n<meta name=\"twitter:label1\" content=\"Est. reading time\" \/>\n\t<meta name=\"twitter:data1\" content=\"1 minute\" \/>\n<script type=\"application\/ld+json\" class=\"yoast-schema-graph\">{\"@context\":\"https:\/\/schema.org\",\"@graph\":[{\"@type\":\"WebPage\",\"@id\":\"https:\/\/comcat.org\/en\/be-a-part\/write\/\",\"url\":\"https:\/\/comcat.org\/en\/be-a-part\/write\/\",\"name\":\"Submit Your Proposal - Comunidades Catalisadoras | ComCat\",\"isPartOf\":{\"@id\":\"https:\/\/comcat.org\/en\/#website\"},\"primaryImageOfPage\":{\"@id\":\"https:\/\/comcat.org\/en\/be-a-part\/write\/#primaryimage\"},\"image\":{\"@id\":\"https:\/\/comcat.org\/en\/be-a-part\/write\/#primaryimage\"},\"thumbnailUrl\":\"https:\/\/comcat.org\/wp-content\/uploads\/2025\/09\/ec5845bd7d68a52cc80d5ea44c93249c4b0eb9ca.png\",\"datePublished\":\"2025-09-10T12:21:50+00:00\",\"dateModified\":\"2026-05-06T13:03:01+00:00\",\"breadcrumb\":{\"@id\":\"https:\/\/comcat.org\/en\/be-a-part\/write\/#breadcrumb\"},\"inLanguage\":\"en-US\",\"potentialAction\":[{\"@type\":\"ReadAction\",\"target\":[\"https:\/\/comcat.org\/en\/be-a-part\/write\/\"]}]},{\"@type\":\"ImageObject\",\"inLanguage\":\"en-US\",\"@id\":\"https:\/\/comcat.org\/en\/be-a-part\/write\/#primaryimage\",\"url\":\"https:\/\/comcat.org\/wp-content\/uploads\/2025\/09\/ec5845bd7d68a52cc80d5ea44c93249c4b0eb9ca.png\",\"contentUrl\":\"https:\/\/comcat.org\/wp-content\/uploads\/2025\/09\/ec5845bd7d68a52cc80d5ea44c93249c4b0eb9ca.png\",\"width\":599,\"height\":344},{\"@type\":\"BreadcrumbList\",\"@id\":\"https:\/\/comcat.org\/en\/be-a-part\/write\/#breadcrumb\",\"itemListElement\":[{\"@type\":\"ListItem\",\"position\":1,\"name\":\"In\u00edcio\",\"item\":\"https:\/\/comcat.org\/en\/\"},{\"@type\":\"ListItem\",\"position\":2,\"name\":\"Be a part\",\"item\":\"https:\/\/comcat.org\/en\/be-a-part\/\"},{\"@type\":\"ListItem\",\"position\":3,\"name\":\"Submit Your Proposal\"}]},{\"@type\":\"WebSite\",\"@id\":\"https:\/\/comcat.org\/en\/#website\",\"url\":\"https:\/\/comcat.org\/en\/\",\"name\":\"Comunidades Catalisadoras | ComCat\",\"description\":\"Solu\u00e7\u00f5es, Comunidades, Redes, Favelas, M\u00eddia Social\",\"potentialAction\":[{\"@type\":\"SearchAction\",\"target\":{\"@type\":\"EntryPoint\",\"urlTemplate\":\"https:\/\/comcat.org\/en\/?s={search_term_string}\"},\"query-input\":{\"@type\":\"PropertyValueSpecification\",\"valueRequired\":true,\"valueName\":\"search_term_string\"}}],\"inLanguage\":\"en-US\"}]}<\/script>\n<!-- \/ Yoast SEO plugin. -->","yoast_head_json":{"title":"Submit Your Proposal - Comunidades Catalisadoras | ComCat","robots":{"index":"index","follow":"follow","max-snippet":"max-snippet:-1","max-image-preview":"max-image-preview:large","max-video-preview":"max-video-preview:-1"},"canonical":"https:\/\/comcat.org\/en\/be-a-part\/write\/","og_locale":"en_US","og_type":"article","og_title":"Submit Your Proposal - Comunidades Catalisadoras | ComCat","og_description":"Lorem ipsum dolor sit amet, consectetur adipiscing elit, sed do eiusmod tempor incididunt ut               labore et dolore magna aliqua. Ut enim ad minim veniam, quis nostrud exercitation ullamco               laboris nisi ut aliquip ex ea commodo consequat.","og_url":"https:\/\/comcat.org\/en\/be-a-part\/write\/","og_site_name":"Comunidades Catalisadoras | ComCat","article_modified_time":"2026-05-06T13:03:01+00:00","og_image":[{"width":599,"height":344,"url":"https:\/\/comcat.org\/wp-content\/uploads\/2025\/09\/ec5845bd7d68a52cc80d5ea44c93249c4b0eb9ca.png","type":"image\/png"}],"twitter_card":"summary_large_image","twitter_misc":{"Est. reading time":"1 minute"},"schema":{"@context":"https:\/\/schema.org","@graph":[{"@type":"WebPage","@id":"https:\/\/comcat.org\/en\/be-a-part\/write\/","url":"https:\/\/comcat.org\/en\/be-a-part\/write\/","name":"Submit Your Proposal - Comunidades Catalisadoras | ComCat","isPartOf":{"@id":"https:\/\/comcat.org\/en\/#website"},"primaryImageOfPage":{"@id":"https:\/\/comcat.org\/en\/be-a-part\/write\/#primaryimage"},"image":{"@id":"https:\/\/comcat.org\/en\/be-a-part\/write\/#primaryimage"},"thumbnailUrl":"https:\/\/comcat.org\/wp-content\/uploads\/2025\/09\/ec5845bd7d68a52cc80d5ea44c93249c4b0eb9ca.png","datePublished":"2025-09-10T12:21:50+00:00","dateModified":"2026-05-06T13:03:01+00:00","breadcrumb":{"@id":"https:\/\/comcat.org\/en\/be-a-part\/write\/#breadcrumb"},"inLanguage":"en-US","potentialAction":[{"@type":"ReadAction","target":["https:\/\/comcat.org\/en\/be-a-part\/write\/"]}]},{"@type":"ImageObject","inLanguage":"en-US","@id":"https:\/\/comcat.org\/en\/be-a-part\/write\/#primaryimage","url":"https:\/\/comcat.org\/wp-content\/uploads\/2025\/09\/ec5845bd7d68a52cc80d5ea44c93249c4b0eb9ca.png","contentUrl":"https:\/\/comcat.org\/wp-content\/uploads\/2025\/09\/ec5845bd7d68a52cc80d5ea44c93249c4b0eb9ca.png","width":599,"height":344},{"@type":"BreadcrumbList","@id":"https:\/\/comcat.org\/en\/be-a-part\/write\/#breadcrumb","itemListElement":[{"@type":"ListItem","position":1,"name":"In\u00edcio","item":"https:\/\/comcat.org\/en\/"},{"@type":"ListItem","position":2,"name":"Be a part","item":"https:\/\/comcat.org\/en\/be-a-part\/"},{"@type":"ListItem","position":3,"name":"Submit Your Proposal"}]},{"@type":"WebSite","@id":"https:\/\/comcat.org\/en\/#website","url":"https:\/\/comcat.org\/en\/","name":"Comunidades Catalisadoras | ComCat","description":"Solu\u00e7\u00f5es, Comunidades, Redes, Favelas, M\u00eddia Social","potentialAction":[{"@type":"SearchAction","target":{"@type":"EntryPoint","urlTemplate":"https:\/\/comcat.org\/en\/?s={search_term_string}"},"query-input":{"@type":"PropertyValueSpecification","valueRequired":true,"valueName":"search_term_string"}}],"inLanguage":"en-US"}]}},"_links":{"self":[{"href":"https:\/\/comcat.org\/en\/wp-json\/wp\/v2\/pages\/12959","targetHints":{"allow":["GET"]}}],"collection":[{"href":"https:\/\/comcat.org\/en\/wp-json\/wp\/v2\/pages"}],"about":[{"href":"https:\/\/comcat.org\/en\/wp-json\/wp\/v2\/types\/page"}],"author":[{"embeddable":true,"href":"https:\/\/comcat.org\/en\/wp-json\/wp\/v2\/users\/1"}],"replies":[{"embeddable":true,"href":"https:\/\/comcat.org\/en\/wp-json\/wp\/v2\/comments?post=12959"}],"version-history":[{"count":5,"href":"https:\/\/comcat.org\/en\/wp-json\/wp\/v2\/pages\/12959\/revisions"}],"predecessor-version":[{"id":16092,"href":"https:\/\/comcat.org\/en\/wp-json\/wp\/v2\/pages\/12959\/revisions\/16092"}],"up":[{"embeddable":true,"href":"https:\/\/comcat.org\/en\/wp-json\/wp\/v2\/pages\/12957"}],"wp:featuredmedia":[{"embeddable":true,"href":"https:\/\/comcat.org\/en\/wp-json\/wp\/v2\/media\/16064"}],"wp:attachment":[{"href":"https:\/\/comcat.org\/en\/wp-json\/wp\/v2\/media?parent=12959"}],"curies":[{"name":"wp","href":"https:\/\/api.w.org\/{rel}","templated":true}]}}