{"id":12960,"date":"2025-09-10T09:22:09","date_gmt":"2025-09-10T12:22:09","guid":{"rendered":"http:\/\/localhost\/faca-parte\/nos-convide\/"},"modified":"2026-05-06T10:03:46","modified_gmt":"2026-05-06T13:03:46","slug":"invite-us","status":"publish","type":"page","link":"https:\/\/comcat.org\/en\/be-a-part\/invite-us\/","title":{"rendered":"Invite CatComm"},"content":{"rendered":"<h2>Quer nos levar at\u00e9 sua comunidade ou institui\u00e7\u00e3o?<\/h2>\n<p>A equipe da Comunidades Catalisadoras (ComCat) est\u00e1 dispon\u00edvel para compartilhar conhecimentos, experi\u00eancias e aprendizados em palestras, rodas de conversa e encontros formativos. Ao longo dos \u00faltimos anos, j\u00e1 realizamos atividades em universidades, centros comunit\u00e1rios, confer\u00eancias nacionais e internacionais, sempre trazendo reflex\u00f5es sobre temas como:<\/p>\n<ul class=\"list\"><li class=\"item\">\n\t\t\t\t\t<figure class=\"item__icon\">\n\t\t\t\t\t\t<i class=\"fa-classic fa-solid fa-check-double\" aria-hidden=\"true\"><\/i>\n\t\t\t\t\t<\/figure>\n\t\t\t\t\t<div class=\"item__text\">\n\t\t\t\t\t\t<b>Direito<\/b> \u00e0 moradia e organiza\u00e7\u00e3o comunit\u00e1ria\n\t\t\t\t\t<\/div>\n\t\t\t\t\t<svg>\n\t\t\t\t\t\t<use xlink:href=\"https:\/\/comcat.org\/wp-content\/themes\/comcat\/assets\/img\/SVG\/sprite.svg#arrow\"><\/use>\n\t\t\t\t\t<\/svg>\n\t\t\t\t<\/li><li class=\"item\">\n\t\t\t\t\t<figure class=\"item__icon\">\n\t\t\t\t\t\t<i class=\"fa-classic fa-solid fa-check-double\" aria-hidden=\"true\"><\/i>\n\t\t\t\t\t<\/figure>\n\t\t\t\t\t<div class=\"item__text\">\n\t\t\t\t\t\tJusti\u00e7a clim\u00e1tica e sustentabilidade <b>nas favelas<\/b>\n\t\t\t\t\t<\/div>\n\t\t\t\t\t<svg>\n\t\t\t\t\t\t<use xlink:href=\"https:\/\/comcat.org\/wp-content\/themes\/comcat\/assets\/img\/SVG\/sprite.svg#arrow\"><\/use>\n\t\t\t\t\t<\/svg>\n\t\t\t\t<\/li><\/ul>\n<div>Cada palestra \u00e9 constru\u00edda de forma colaborativa, respeitando o contexto e as demandas do p\u00fablico convidante.<\/div>\n","protected":false},"excerpt":{"rendered":"<p>Ao longo dos \u00faltimos anos, j\u00e1 realizamos atividades em universidades, centros comunit\u00e1rios, confer\u00eancias nacionais e internacionais, sempre trazendo reflex\u00f5es sobre temas como:<\/p>\n","protected":false},"author":1,"featured_media":16066,"parent":12957,"menu_order":0,"comment_status":"closed","ping_status":"closed","template":"page-templates\/nos-convide.php","meta":{"_acf_changed":false,"inline_featured_image":false,"footnotes":""},"class_list":["post-12960","page","type-page","status-publish","has-post-thumbnail","hentry"],"acf":[],"yoast_head":"<!-- This site is optimized with the Yoast SEO plugin v26.9 - https:\/\/yoast.com\/product\/yoast-seo-wordpress\/ -->\n<title>Invite CatComm - Comunidades Catalisadoras | ComCat<\/title>\n<meta name=\"robots\" content=\"index, follow, max-snippet:-1, max-image-preview:large, max-video-preview:-1\" \/>\n<link rel=\"canonical\" href=\"https:\/\/comcat.org\/en\/be-a-part\/invite-us\/\" \/>\n<meta property=\"og:locale\" content=\"en_US\" \/>\n<meta property=\"og:type\" content=\"article\" \/>\n<meta property=\"og:title\" content=\"Invite CatComm - Comunidades Catalisadoras | ComCat\" \/>\n<meta property=\"og:description\" content=\"Ao longo dos \u00faltimos anos, j\u00e1 realizamos atividades em universidades, centros comunit\u00e1rios, confer\u00eancias nacionais e internacionais, sempre trazendo reflex\u00f5es sobre temas como:\" \/>\n<meta property=\"og:url\" content=\"https:\/\/comcat.org\/en\/be-a-part\/invite-us\/\" \/>\n<meta property=\"og:site_name\" content=\"Comunidades Catalisadoras | ComCat\" \/>\n<meta property=\"article:modified_time\" content=\"2026-05-06T13:03:46+00:00\" \/>\n<meta property=\"og:image\" content=\"https:\/\/comcat.org\/wp-content\/uploads\/2025\/09\/8fc285ec6b5287136774c7d6f06a412682069c0b-scaled.jpg\" \/>\n\t<meta property=\"og:image:width\" content=\"2560\" \/>\n\t<meta property=\"og:image:height\" content=\"1920\" \/>\n\t<meta property=\"og:image:type\" content=\"image\/jpeg\" \/>\n<meta name=\"twitter:card\" content=\"summary_large_image\" \/>\n<meta name=\"twitter:label1\" content=\"Est. reading time\" \/>\n\t<meta name=\"twitter:data1\" content=\"1 minute\" \/>\n<script type=\"application\/ld+json\" class=\"yoast-schema-graph\">{\"@context\":\"https:\/\/schema.org\",\"@graph\":[{\"@type\":\"WebPage\",\"@id\":\"https:\/\/comcat.org\/en\/be-a-part\/invite-us\/\",\"url\":\"https:\/\/comcat.org\/en\/be-a-part\/invite-us\/\",\"name\":\"Invite CatComm - Comunidades Catalisadoras | ComCat\",\"isPartOf\":{\"@id\":\"https:\/\/comcat.org\/en\/#website\"},\"primaryImageOfPage\":{\"@id\":\"https:\/\/comcat.org\/en\/be-a-part\/invite-us\/#primaryimage\"},\"image\":{\"@id\":\"https:\/\/comcat.org\/en\/be-a-part\/invite-us\/#primaryimage\"},\"thumbnailUrl\":\"https:\/\/comcat.org\/wp-content\/uploads\/2025\/09\/8fc285ec6b5287136774c7d6f06a412682069c0b-scaled.jpg\",\"datePublished\":\"2025-09-10T12:22:09+00:00\",\"dateModified\":\"2026-05-06T13:03:46+00:00\",\"breadcrumb\":{\"@id\":\"https:\/\/comcat.org\/en\/be-a-part\/invite-us\/#breadcrumb\"},\"inLanguage\":\"en-US\",\"potentialAction\":[{\"@type\":\"ReadAction\",\"target\":[\"https:\/\/comcat.org\/en\/be-a-part\/invite-us\/\"]}]},{\"@type\":\"ImageObject\",\"inLanguage\":\"en-US\",\"@id\":\"https:\/\/comcat.org\/en\/be-a-part\/invite-us\/#primaryimage\",\"url\":\"https:\/\/comcat.org\/wp-content\/uploads\/2025\/09\/8fc285ec6b5287136774c7d6f06a412682069c0b-scaled.jpg\",\"contentUrl\":\"https:\/\/comcat.org\/wp-content\/uploads\/2025\/09\/8fc285ec6b5287136774c7d6f06a412682069c0b-scaled.jpg\",\"width\":2560,\"height\":1920},{\"@type\":\"BreadcrumbList\",\"@id\":\"https:\/\/comcat.org\/en\/be-a-part\/invite-us\/#breadcrumb\",\"itemListElement\":[{\"@type\":\"ListItem\",\"position\":1,\"name\":\"In\u00edcio\",\"item\":\"https:\/\/comcat.org\/en\/\"},{\"@type\":\"ListItem\",\"position\":2,\"name\":\"Be a part\",\"item\":\"https:\/\/comcat.org\/en\/be-a-part\/\"},{\"@type\":\"ListItem\",\"position\":3,\"name\":\"Invite CatComm\"}]},{\"@type\":\"WebSite\",\"@id\":\"https:\/\/comcat.org\/en\/#website\",\"url\":\"https:\/\/comcat.org\/en\/\",\"name\":\"Comunidades Catalisadoras | ComCat\",\"description\":\"Solu\u00e7\u00f5es, Comunidades, Redes, Favelas, M\u00eddia Social\",\"potentialAction\":[{\"@type\":\"SearchAction\",\"target\":{\"@type\":\"EntryPoint\",\"urlTemplate\":\"https:\/\/comcat.org\/en\/?s={search_term_string}\"},\"query-input\":{\"@type\":\"PropertyValueSpecification\",\"valueRequired\":true,\"valueName\":\"search_term_string\"}}],\"inLanguage\":\"en-US\"}]}<\/script>\n<!-- \/ Yoast SEO plugin. -->","yoast_head_json":{"title":"Invite CatComm - Comunidades Catalisadoras | ComCat","robots":{"index":"index","follow":"follow","max-snippet":"max-snippet:-1","max-image-preview":"max-image-preview:large","max-video-preview":"max-video-preview:-1"},"canonical":"https:\/\/comcat.org\/en\/be-a-part\/invite-us\/","og_locale":"en_US","og_type":"article","og_title":"Invite CatComm - Comunidades Catalisadoras | ComCat","og_description":"Ao longo dos \u00faltimos anos, j\u00e1 realizamos atividades em universidades, centros comunit\u00e1rios, confer\u00eancias nacionais e internacionais, sempre trazendo reflex\u00f5es sobre temas como:","og_url":"https:\/\/comcat.org\/en\/be-a-part\/invite-us\/","og_site_name":"Comunidades Catalisadoras | ComCat","article_modified_time":"2026-05-06T13:03:46+00:00","og_image":[{"width":2560,"height":1920,"url":"https:\/\/comcat.org\/wp-content\/uploads\/2025\/09\/8fc285ec6b5287136774c7d6f06a412682069c0b-scaled.jpg","type":"image\/jpeg"}],"twitter_card":"summary_large_image","twitter_misc":{"Est. reading time":"1 minute"},"schema":{"@context":"https:\/\/schema.org","@graph":[{"@type":"WebPage","@id":"https:\/\/comcat.org\/en\/be-a-part\/invite-us\/","url":"https:\/\/comcat.org\/en\/be-a-part\/invite-us\/","name":"Invite CatComm - Comunidades Catalisadoras | ComCat","isPartOf":{"@id":"https:\/\/comcat.org\/en\/#website"},"primaryImageOfPage":{"@id":"https:\/\/comcat.org\/en\/be-a-part\/invite-us\/#primaryimage"},"image":{"@id":"https:\/\/comcat.org\/en\/be-a-part\/invite-us\/#primaryimage"},"thumbnailUrl":"https:\/\/comcat.org\/wp-content\/uploads\/2025\/09\/8fc285ec6b5287136774c7d6f06a412682069c0b-scaled.jpg","datePublished":"2025-09-10T12:22:09+00:00","dateModified":"2026-05-06T13:03:46+00:00","breadcrumb":{"@id":"https:\/\/comcat.org\/en\/be-a-part\/invite-us\/#breadcrumb"},"inLanguage":"en-US","potentialAction":[{"@type":"ReadAction","target":["https:\/\/comcat.org\/en\/be-a-part\/invite-us\/"]}]},{"@type":"ImageObject","inLanguage":"en-US","@id":"https:\/\/comcat.org\/en\/be-a-part\/invite-us\/#primaryimage","url":"https:\/\/comcat.org\/wp-content\/uploads\/2025\/09\/8fc285ec6b5287136774c7d6f06a412682069c0b-scaled.jpg","contentUrl":"https:\/\/comcat.org\/wp-content\/uploads\/2025\/09\/8fc285ec6b5287136774c7d6f06a412682069c0b-scaled.jpg","width":2560,"height":1920},{"@type":"BreadcrumbList","@id":"https:\/\/comcat.org\/en\/be-a-part\/invite-us\/#breadcrumb","itemListElement":[{"@type":"ListItem","position":1,"name":"In\u00edcio","item":"https:\/\/comcat.org\/en\/"},{"@type":"ListItem","position":2,"name":"Be a part","item":"https:\/\/comcat.org\/en\/be-a-part\/"},{"@type":"ListItem","position":3,"name":"Invite CatComm"}]},{"@type":"WebSite","@id":"https:\/\/comcat.org\/en\/#website","url":"https:\/\/comcat.org\/en\/","name":"Comunidades Catalisadoras | ComCat","description":"Solu\u00e7\u00f5es, Comunidades, Redes, Favelas, M\u00eddia Social","potentialAction":[{"@type":"SearchAction","target":{"@type":"EntryPoint","urlTemplate":"https:\/\/comcat.org\/en\/?s={search_term_string}"},"query-input":{"@type":"PropertyValueSpecification","valueRequired":true,"valueName":"search_term_string"}}],"inLanguage":"en-US"}]}},"_links":{"self":[{"href":"https:\/\/comcat.org\/en\/wp-json\/wp\/v2\/pages\/12960","targetHints":{"allow":["GET"]}}],"collection":[{"href":"https:\/\/comcat.org\/en\/wp-json\/wp\/v2\/pages"}],"about":[{"href":"https:\/\/comcat.org\/en\/wp-json\/wp\/v2\/types\/page"}],"author":[{"embeddable":true,"href":"https:\/\/comcat.org\/en\/wp-json\/wp\/v2\/users\/1"}],"replies":[{"embeddable":true,"href":"https:\/\/comcat.org\/en\/wp-json\/wp\/v2\/comments?post=12960"}],"version-history":[{"count":9,"href":"https:\/\/comcat.org\/en\/wp-json\/wp\/v2\/pages\/12960\/revisions"}],"predecessor-version":[{"id":16093,"href":"https:\/\/comcat.org\/en\/wp-json\/wp\/v2\/pages\/12960\/revisions\/16093"}],"up":[{"embeddable":true,"href":"https:\/\/comcat.org\/en\/wp-json\/wp\/v2\/pages\/12957"}],"wp:featuredmedia":[{"embeddable":true,"href":"https:\/\/comcat.org\/en\/wp-json\/wp\/v2\/media\/16066"}],"wp:attachment":[{"href":"https:\/\/comcat.org\/en\/wp-json\/wp\/v2\/media?parent=12960"}],"curies":[{"name":"wp","href":"https:\/\/api.w.org\/{rel}","templated":true}]}}