{"id":12963,"date":"2025-09-10T09:21:42","date_gmt":"2025-09-10T12:21:42","guid":{"rendered":"http:\/\/localhost\/faca-parte\/seja-voluntaria\/"},"modified":"2026-03-04T17:55:41","modified_gmt":"2026-03-04T20:55:41","slug":"colabore","status":"publish","type":"page","link":"https:\/\/comcat.org\/en\/faca-parte\/colabore\/","title":{"rendered":"Seja Volunt\u00e1ri@ ou Pesquisador\/a Colaborador\/a"},"content":{"rendered":"<h2>Oportunidades de voluntariado, est\u00e1gio e colabora\u00e7\u00e3o<\/h2>\n<p>Obrigado pelo seu interesse em estagiar, ser volunt\u00e1rio ou colaborar com a Catalytic Communities!<\/p>\n<p>O primeiro passo para se juntar a n\u00f3s \u00e9 sempre preencher o formul\u00e1rio abaixo, seguido pelo envio de uma amostra de texto sem edi\u00e7\u00e3o (sem edi\u00e7\u00e3o por terceiros) ou de um v\u00eddeo, caso pretenda contribuir para o nosso trabalho por meio desse meio, para volunteer@catcomm.org. N\u00e3o aceitamos candidatos sem que voc\u00ea tenha seguido estes dois passos. Agradecemos novamente o seu interesse e aguardamos ansiosamente o seu contato!<\/p>\n","protected":false},"excerpt":{"rendered":"<p>Oportunidades de voluntariado, est\u00e1gio e colabora\u00e7\u00e3o Obrigado pelo seu interesse em estagiar, ser volunt\u00e1rio ou colaborar com a Catalytic Communities! O primeiro passo para se juntar a n\u00f3s \u00e9 sempre preencher o formul\u00e1rio abaixo, seguido pelo envio de uma amostra de texto sem edi\u00e7\u00e3o (sem edi\u00e7\u00e3o por terceiros) ou de um v\u00eddeo, caso pretenda contribuir [&hellip;]<\/p>\n","protected":false},"author":1,"featured_media":0,"parent":12957,"menu_order":0,"comment_status":"closed","ping_status":"closed","template":"page-templates\/default-form.php","meta":{"_acf_changed":false,"inline_featured_image":false,"footnotes":""},"class_list":["post-12963","page","type-page","status-publish","hentry"],"acf":[],"yoast_head":"<!-- This site is optimized with the Yoast SEO plugin v26.9 - https:\/\/yoast.com\/product\/yoast-seo-wordpress\/ -->\n<title>Seja Volunt\u00e1ri@ ou Pesquisador\/a Colaborador\/a - Comunidades Catalisadoras | ComCat<\/title>\n<meta name=\"robots\" content=\"index, follow, max-snippet:-1, max-image-preview:large, max-video-preview:-1\" \/>\n<link rel=\"canonical\" href=\"https:\/\/comcat.org\/en\/faca-parte\/colabore\/\" \/>\n<meta property=\"og:locale\" content=\"en_US\" \/>\n<meta property=\"og:type\" content=\"article\" \/>\n<meta property=\"og:title\" content=\"Seja Volunt\u00e1ri@ ou Pesquisador\/a Colaborador\/a - Comunidades Catalisadoras | ComCat\" \/>\n<meta property=\"og:description\" content=\"Oportunidades de voluntariado, est\u00e1gio e colabora\u00e7\u00e3o Obrigado pelo seu interesse em estagiar, ser volunt\u00e1rio ou colaborar com a Catalytic Communities! O primeiro passo para se juntar a n\u00f3s \u00e9 sempre preencher o formul\u00e1rio abaixo, seguido pelo envio de uma amostra de texto sem edi\u00e7\u00e3o (sem edi\u00e7\u00e3o por terceiros) ou de um v\u00eddeo, caso pretenda contribuir [&hellip;]\" \/>\n<meta property=\"og:url\" content=\"https:\/\/comcat.org\/en\/faca-parte\/colabore\/\" \/>\n<meta property=\"og:site_name\" content=\"Comunidades Catalisadoras | ComCat\" \/>\n<meta property=\"article:modified_time\" content=\"2026-03-04T20:55:41+00:00\" \/>\n<meta name=\"twitter:card\" content=\"summary_large_image\" \/>\n<meta name=\"twitter:label1\" content=\"Est. reading time\" \/>\n\t<meta name=\"twitter:data1\" content=\"1 minute\" \/>\n<script type=\"application\/ld+json\" class=\"yoast-schema-graph\">{\"@context\":\"https:\/\/schema.org\",\"@graph\":[{\"@type\":\"WebPage\",\"@id\":\"https:\/\/comcat.org\/en\/faca-parte\/colabore\/\",\"url\":\"https:\/\/comcat.org\/en\/faca-parte\/colabore\/\",\"name\":\"Seja Volunt\u00e1ri@ ou Pesquisador\/a Colaborador\/a - Comunidades Catalisadoras | ComCat\",\"isPartOf\":{\"@id\":\"https:\/\/comcat.org\/en\/#website\"},\"datePublished\":\"2025-09-10T12:21:42+00:00\",\"dateModified\":\"2026-03-04T20:55:41+00:00\",\"breadcrumb\":{\"@id\":\"https:\/\/comcat.org\/en\/faca-parte\/colabore\/#breadcrumb\"},\"inLanguage\":\"en-US\",\"potentialAction\":[{\"@type\":\"ReadAction\",\"target\":[\"https:\/\/comcat.org\/en\/faca-parte\/colabore\/\"]}]},{\"@type\":\"BreadcrumbList\",\"@id\":\"https:\/\/comcat.org\/en\/faca-parte\/colabore\/#breadcrumb\",\"itemListElement\":[{\"@type\":\"ListItem\",\"position\":1,\"name\":\"In\u00edcio\",\"item\":\"https:\/\/comcat.org\/en\/\"},{\"@type\":\"ListItem\",\"position\":2,\"name\":\"Fa\u00e7a Parte\",\"item\":\"https:\/\/comcat.org\/en\/faca-parte\/\"},{\"@type\":\"ListItem\",\"position\":3,\"name\":\"Seja Volunt\u00e1ri@ ou Pesquisador\/a Colaborador\/a\"}]},{\"@type\":\"WebSite\",\"@id\":\"https:\/\/comcat.org\/en\/#website\",\"url\":\"https:\/\/comcat.org\/en\/\",\"name\":\"Comunidades Catalisadoras | ComCat\",\"description\":\"Solu\u00e7\u00f5es, Comunidades, Redes, Favelas, M\u00eddia Social\",\"potentialAction\":[{\"@type\":\"SearchAction\",\"target\":{\"@type\":\"EntryPoint\",\"urlTemplate\":\"https:\/\/comcat.org\/en\/?s={search_term_string}\"},\"query-input\":{\"@type\":\"PropertyValueSpecification\",\"valueRequired\":true,\"valueName\":\"search_term_string\"}}],\"inLanguage\":\"en-US\"}]}<\/script>\n<!-- \/ Yoast SEO plugin. -->","yoast_head_json":{"title":"Seja Volunt\u00e1ri@ ou Pesquisador\/a Colaborador\/a - Comunidades Catalisadoras | ComCat","robots":{"index":"index","follow":"follow","max-snippet":"max-snippet:-1","max-image-preview":"max-image-preview:large","max-video-preview":"max-video-preview:-1"},"canonical":"https:\/\/comcat.org\/en\/faca-parte\/colabore\/","og_locale":"en_US","og_type":"article","og_title":"Seja Volunt\u00e1ri@ ou Pesquisador\/a Colaborador\/a - Comunidades Catalisadoras | ComCat","og_description":"Oportunidades de voluntariado, est\u00e1gio e colabora\u00e7\u00e3o Obrigado pelo seu interesse em estagiar, ser volunt\u00e1rio ou colaborar com a Catalytic Communities! O primeiro passo para se juntar a n\u00f3s \u00e9 sempre preencher o formul\u00e1rio abaixo, seguido pelo envio de uma amostra de texto sem edi\u00e7\u00e3o (sem edi\u00e7\u00e3o por terceiros) ou de um v\u00eddeo, caso pretenda contribuir [&hellip;]","og_url":"https:\/\/comcat.org\/en\/faca-parte\/colabore\/","og_site_name":"Comunidades Catalisadoras | ComCat","article_modified_time":"2026-03-04T20:55:41+00:00","twitter_card":"summary_large_image","twitter_misc":{"Est. reading time":"1 minute"},"schema":{"@context":"https:\/\/schema.org","@graph":[{"@type":"WebPage","@id":"https:\/\/comcat.org\/en\/faca-parte\/colabore\/","url":"https:\/\/comcat.org\/en\/faca-parte\/colabore\/","name":"Seja Volunt\u00e1ri@ ou Pesquisador\/a Colaborador\/a - Comunidades Catalisadoras | ComCat","isPartOf":{"@id":"https:\/\/comcat.org\/en\/#website"},"datePublished":"2025-09-10T12:21:42+00:00","dateModified":"2026-03-04T20:55:41+00:00","breadcrumb":{"@id":"https:\/\/comcat.org\/en\/faca-parte\/colabore\/#breadcrumb"},"inLanguage":"en-US","potentialAction":[{"@type":"ReadAction","target":["https:\/\/comcat.org\/en\/faca-parte\/colabore\/"]}]},{"@type":"BreadcrumbList","@id":"https:\/\/comcat.org\/en\/faca-parte\/colabore\/#breadcrumb","itemListElement":[{"@type":"ListItem","position":1,"name":"In\u00edcio","item":"https:\/\/comcat.org\/en\/"},{"@type":"ListItem","position":2,"name":"Fa\u00e7a Parte","item":"https:\/\/comcat.org\/en\/faca-parte\/"},{"@type":"ListItem","position":3,"name":"Seja Volunt\u00e1ri@ ou Pesquisador\/a Colaborador\/a"}]},{"@type":"WebSite","@id":"https:\/\/comcat.org\/en\/#website","url":"https:\/\/comcat.org\/en\/","name":"Comunidades Catalisadoras | ComCat","description":"Solu\u00e7\u00f5es, Comunidades, Redes, Favelas, M\u00eddia Social","potentialAction":[{"@type":"SearchAction","target":{"@type":"EntryPoint","urlTemplate":"https:\/\/comcat.org\/en\/?s={search_term_string}"},"query-input":{"@type":"PropertyValueSpecification","valueRequired":true,"valueName":"search_term_string"}}],"inLanguage":"en-US"}]}},"_links":{"self":[{"href":"https:\/\/comcat.org\/en\/wp-json\/wp\/v2\/pages\/12963","targetHints":{"allow":["GET"]}}],"collection":[{"href":"https:\/\/comcat.org\/en\/wp-json\/wp\/v2\/pages"}],"about":[{"href":"https:\/\/comcat.org\/en\/wp-json\/wp\/v2\/types\/page"}],"author":[{"embeddable":true,"href":"https:\/\/comcat.org\/en\/wp-json\/wp\/v2\/users\/1"}],"replies":[{"embeddable":true,"href":"https:\/\/comcat.org\/en\/wp-json\/wp\/v2\/comments?post=12963"}],"version-history":[{"count":6,"href":"https:\/\/comcat.org\/en\/wp-json\/wp\/v2\/pages\/12963\/revisions"}],"predecessor-version":[{"id":13350,"href":"https:\/\/comcat.org\/en\/wp-json\/wp\/v2\/pages\/12963\/revisions\/13350"}],"up":[{"embeddable":true,"href":"https:\/\/comcat.org\/en\/wp-json\/wp\/v2\/pages\/12957"}],"wp:attachment":[{"href":"https:\/\/comcat.org\/en\/wp-json\/wp\/v2\/media?parent=12963"}],"curies":[{"name":"wp","href":"https:\/\/api.w.org\/{rel}","templated":true}]}}