{"id":12964,"date":"2025-09-10T09:22:19","date_gmt":"2025-09-10T12:22:19","guid":{"rendered":"http:\/\/localhost\/faca-parte\/visite\/"},"modified":"2026-05-06T10:01:40","modified_gmt":"2026-05-06T13:01:40","slug":"visit","status":"publish","type":"page","link":"https:\/\/comcat.org\/en\/be-a-part\/visit\/","title":{"rendered":"Visit the Favelas"},"content":{"rendered":"<h2>A Import\u00e2ncia e Como Visitar as Favelas<\/h2>\n<p>Pesquisas realizadas por volunt\u00e1rios da ComCat mostram algo simples, por\u00e9m profundo: a grande maioria de quem nunca visitou uma favela tem uma percep\u00e7\u00e3o negativa, enquanto o contr\u00e1rio tamb\u00e9m \u00e9 verdade. A grande maioria de quem j\u00e1 as visitou, tem uma vis\u00e3o positiva das favelas.<\/p>\n<p>As favelas s\u00e3o determinantes da cultura e identidade carioca. Apesar dos desafios oriundos do abandono e repress\u00e3o do Estado, s\u00e3o comunidades valiosas, singulares e que merecem respeito, admira\u00e7\u00e3o e, consequentemente, serem visitadas.<\/p>\n<p>O turismo em favelas na d\u00e9cada de 2000 come\u00e7ou como explorador, por guias de fora que vendiam tours baseados em imagens nocivas e contraproducentes. Hoje, por\u00e9m, existem diversos mobilizadores e coletivos comunit\u00e1rios que organizam visitas educativas, reveladoras, e essenciais. N\u00e3o \u00e9 incomum recebermos depoimentos de que as visitas \u00e0s favelas junto de mobilizadores locais s\u00e3o o ponto mais memor\u00e1vel e inspirador do tempo vivido por visitas ao Rio de Janeiro.<\/p>\n<p>Ter contato direto com as favelas, atrav\u00e9s destes mobilizadores, \u00e9 conhecer o Rio de Janeiro de fato e abrir a mente para a hist\u00f3ria, import\u00e2ncia e pot\u00eancia das favelas.<\/p>\n<p>Com isso, abaixo disponibilizamos os contatos de mobilizadores e organiza\u00e7\u00f5es parceiras que realizam tours educativos em suas favelas. Recomendamos que fa\u00e7a contato direto!<\/p>\n<p>Caso queira uma recomenda\u00e7\u00e3o mais precisa por conta de um interesse tem\u00e1tico em particular, ou queira organizar uma s\u00e9rie de visitas elaboradas especialmente para um curso ou grupo, por exemplo, fa\u00e7a uso do formul\u00e1rio.<\/p>\n","protected":false},"excerpt":{"rendered":"<p>Pesquisas realizadas por volunt\u00e1rios da ComCat mostram algo simples, por\u00e9m profundo: a grande maioria de quem nunca visitou uma favela tem uma percep\u00e7\u00e3o negativa, enquanto o contr\u00e1rio tamb\u00e9m \u00e9 verdade. A grande maioria de quem j\u00e1 as visitou, tem uma vis\u00e3o positiva das favelas.<\/p>\n","protected":false},"author":1,"featured_media":14997,"parent":12957,"menu_order":0,"comment_status":"closed","ping_status":"closed","template":"page-templates\/visite.php","meta":{"_acf_changed":false,"inline_featured_image":false,"footnotes":""},"class_list":["post-12964","page","type-page","status-publish","has-post-thumbnail","hentry"],"acf":[],"yoast_head":"<!-- This site is optimized with the Yoast SEO plugin v26.9 - https:\/\/yoast.com\/product\/yoast-seo-wordpress\/ -->\n<title>Visit the Favelas - Comunidades Catalisadoras | ComCat<\/title>\n<meta name=\"robots\" content=\"index, follow, max-snippet:-1, max-image-preview:large, max-video-preview:-1\" \/>\n<link rel=\"canonical\" href=\"https:\/\/comcat.org\/en\/be-a-part\/visit\/\" \/>\n<meta property=\"og:locale\" content=\"en_US\" \/>\n<meta property=\"og:type\" content=\"article\" \/>\n<meta property=\"og:title\" content=\"Visit the Favelas - Comunidades Catalisadoras | ComCat\" \/>\n<meta property=\"og:description\" content=\"Pesquisas realizadas por volunt\u00e1rios da ComCat mostram algo simples, por\u00e9m profundo: a grande maioria de quem nunca visitou uma favela tem uma percep\u00e7\u00e3o negativa, enquanto o contr\u00e1rio tamb\u00e9m \u00e9 verdade. A grande maioria de quem j\u00e1 as visitou, tem uma vis\u00e3o positiva das favelas.\" \/>\n<meta property=\"og:url\" content=\"https:\/\/comcat.org\/en\/be-a-part\/visit\/\" \/>\n<meta property=\"og:site_name\" content=\"Comunidades Catalisadoras | ComCat\" \/>\n<meta property=\"article:modified_time\" content=\"2026-05-06T13:01:40+00:00\" \/>\n<meta property=\"og:image\" content=\"https:\/\/comcat.org\/wp-content\/uploads\/2026\/03\/Visit-to-MUF-in-PPG.jpg\" \/>\n\t<meta property=\"og:image:width\" content=\"2048\" \/>\n\t<meta property=\"og:image:height\" content=\"1151\" \/>\n\t<meta property=\"og:image:type\" content=\"image\/jpeg\" \/>\n<meta name=\"twitter:card\" content=\"summary_large_image\" \/>\n<meta name=\"twitter:label1\" content=\"Est. reading time\" \/>\n\t<meta name=\"twitter:data1\" content=\"2 minutes\" \/>\n<script type=\"application\/ld+json\" class=\"yoast-schema-graph\">{\"@context\":\"https:\/\/schema.org\",\"@graph\":[{\"@type\":\"WebPage\",\"@id\":\"https:\/\/comcat.org\/en\/be-a-part\/visit\/\",\"url\":\"https:\/\/comcat.org\/en\/be-a-part\/visit\/\",\"name\":\"Visit the Favelas - Comunidades Catalisadoras | ComCat\",\"isPartOf\":{\"@id\":\"https:\/\/comcat.org\/en\/#website\"},\"primaryImageOfPage\":{\"@id\":\"https:\/\/comcat.org\/en\/be-a-part\/visit\/#primaryimage\"},\"image\":{\"@id\":\"https:\/\/comcat.org\/en\/be-a-part\/visit\/#primaryimage\"},\"thumbnailUrl\":\"https:\/\/comcat.org\/wp-content\/uploads\/2026\/03\/Visit-to-MUF-in-PPG.jpg\",\"datePublished\":\"2025-09-10T12:22:19+00:00\",\"dateModified\":\"2026-05-06T13:01:40+00:00\",\"breadcrumb\":{\"@id\":\"https:\/\/comcat.org\/en\/be-a-part\/visit\/#breadcrumb\"},\"inLanguage\":\"en-US\",\"potentialAction\":[{\"@type\":\"ReadAction\",\"target\":[\"https:\/\/comcat.org\/en\/be-a-part\/visit\/\"]}]},{\"@type\":\"ImageObject\",\"inLanguage\":\"en-US\",\"@id\":\"https:\/\/comcat.org\/en\/be-a-part\/visit\/#primaryimage\",\"url\":\"https:\/\/comcat.org\/wp-content\/uploads\/2026\/03\/Visit-to-MUF-in-PPG.jpg\",\"contentUrl\":\"https:\/\/comcat.org\/wp-content\/uploads\/2026\/03\/Visit-to-MUF-in-PPG.jpg\",\"width\":2048,\"height\":1151},{\"@type\":\"BreadcrumbList\",\"@id\":\"https:\/\/comcat.org\/en\/be-a-part\/visit\/#breadcrumb\",\"itemListElement\":[{\"@type\":\"ListItem\",\"position\":1,\"name\":\"In\u00edcio\",\"item\":\"https:\/\/comcat.org\/en\/\"},{\"@type\":\"ListItem\",\"position\":2,\"name\":\"Be a part\",\"item\":\"https:\/\/comcat.org\/en\/be-a-part\/\"},{\"@type\":\"ListItem\",\"position\":3,\"name\":\"Visit the Favelas\"}]},{\"@type\":\"WebSite\",\"@id\":\"https:\/\/comcat.org\/en\/#website\",\"url\":\"https:\/\/comcat.org\/en\/\",\"name\":\"Comunidades Catalisadoras | ComCat\",\"description\":\"Solu\u00e7\u00f5es, Comunidades, Redes, Favelas, M\u00eddia Social\",\"potentialAction\":[{\"@type\":\"SearchAction\",\"target\":{\"@type\":\"EntryPoint\",\"urlTemplate\":\"https:\/\/comcat.org\/en\/?s={search_term_string}\"},\"query-input\":{\"@type\":\"PropertyValueSpecification\",\"valueRequired\":true,\"valueName\":\"search_term_string\"}}],\"inLanguage\":\"en-US\"}]}<\/script>\n<!-- \/ Yoast SEO plugin. -->","yoast_head_json":{"title":"Visit the Favelas - Comunidades Catalisadoras | ComCat","robots":{"index":"index","follow":"follow","max-snippet":"max-snippet:-1","max-image-preview":"max-image-preview:large","max-video-preview":"max-video-preview:-1"},"canonical":"https:\/\/comcat.org\/en\/be-a-part\/visit\/","og_locale":"en_US","og_type":"article","og_title":"Visit the Favelas - Comunidades Catalisadoras | ComCat","og_description":"Pesquisas realizadas por volunt\u00e1rios da ComCat mostram algo simples, por\u00e9m profundo: a grande maioria de quem nunca visitou uma favela tem uma percep\u00e7\u00e3o negativa, enquanto o contr\u00e1rio tamb\u00e9m \u00e9 verdade. A grande maioria de quem j\u00e1 as visitou, tem uma vis\u00e3o positiva das favelas.","og_url":"https:\/\/comcat.org\/en\/be-a-part\/visit\/","og_site_name":"Comunidades Catalisadoras | ComCat","article_modified_time":"2026-05-06T13:01:40+00:00","og_image":[{"width":2048,"height":1151,"url":"https:\/\/comcat.org\/wp-content\/uploads\/2026\/03\/Visit-to-MUF-in-PPG.jpg","type":"image\/jpeg"}],"twitter_card":"summary_large_image","twitter_misc":{"Est. reading time":"2 minutes"},"schema":{"@context":"https:\/\/schema.org","@graph":[{"@type":"WebPage","@id":"https:\/\/comcat.org\/en\/be-a-part\/visit\/","url":"https:\/\/comcat.org\/en\/be-a-part\/visit\/","name":"Visit the Favelas - Comunidades Catalisadoras | ComCat","isPartOf":{"@id":"https:\/\/comcat.org\/en\/#website"},"primaryImageOfPage":{"@id":"https:\/\/comcat.org\/en\/be-a-part\/visit\/#primaryimage"},"image":{"@id":"https:\/\/comcat.org\/en\/be-a-part\/visit\/#primaryimage"},"thumbnailUrl":"https:\/\/comcat.org\/wp-content\/uploads\/2026\/03\/Visit-to-MUF-in-PPG.jpg","datePublished":"2025-09-10T12:22:19+00:00","dateModified":"2026-05-06T13:01:40+00:00","breadcrumb":{"@id":"https:\/\/comcat.org\/en\/be-a-part\/visit\/#breadcrumb"},"inLanguage":"en-US","potentialAction":[{"@type":"ReadAction","target":["https:\/\/comcat.org\/en\/be-a-part\/visit\/"]}]},{"@type":"ImageObject","inLanguage":"en-US","@id":"https:\/\/comcat.org\/en\/be-a-part\/visit\/#primaryimage","url":"https:\/\/comcat.org\/wp-content\/uploads\/2026\/03\/Visit-to-MUF-in-PPG.jpg","contentUrl":"https:\/\/comcat.org\/wp-content\/uploads\/2026\/03\/Visit-to-MUF-in-PPG.jpg","width":2048,"height":1151},{"@type":"BreadcrumbList","@id":"https:\/\/comcat.org\/en\/be-a-part\/visit\/#breadcrumb","itemListElement":[{"@type":"ListItem","position":1,"name":"In\u00edcio","item":"https:\/\/comcat.org\/en\/"},{"@type":"ListItem","position":2,"name":"Be a part","item":"https:\/\/comcat.org\/en\/be-a-part\/"},{"@type":"ListItem","position":3,"name":"Visit the Favelas"}]},{"@type":"WebSite","@id":"https:\/\/comcat.org\/en\/#website","url":"https:\/\/comcat.org\/en\/","name":"Comunidades Catalisadoras | ComCat","description":"Solu\u00e7\u00f5es, Comunidades, Redes, Favelas, M\u00eddia Social","potentialAction":[{"@type":"SearchAction","target":{"@type":"EntryPoint","urlTemplate":"https:\/\/comcat.org\/en\/?s={search_term_string}"},"query-input":{"@type":"PropertyValueSpecification","valueRequired":true,"valueName":"search_term_string"}}],"inLanguage":"en-US"}]}},"_links":{"self":[{"href":"https:\/\/comcat.org\/en\/wp-json\/wp\/v2\/pages\/12964","targetHints":{"allow":["GET"]}}],"collection":[{"href":"https:\/\/comcat.org\/en\/wp-json\/wp\/v2\/pages"}],"about":[{"href":"https:\/\/comcat.org\/en\/wp-json\/wp\/v2\/types\/page"}],"author":[{"embeddable":true,"href":"https:\/\/comcat.org\/en\/wp-json\/wp\/v2\/users\/1"}],"replies":[{"embeddable":true,"href":"https:\/\/comcat.org\/en\/wp-json\/wp\/v2\/comments?post=12964"}],"version-history":[{"count":33,"href":"https:\/\/comcat.org\/en\/wp-json\/wp\/v2\/pages\/12964\/revisions"}],"predecessor-version":[{"id":16091,"href":"https:\/\/comcat.org\/en\/wp-json\/wp\/v2\/pages\/12964\/revisions\/16091"}],"up":[{"embeddable":true,"href":"https:\/\/comcat.org\/en\/wp-json\/wp\/v2\/pages\/12957"}],"wp:featuredmedia":[{"embeddable":true,"href":"https:\/\/comcat.org\/en\/wp-json\/wp\/v2\/media\/14997"}],"wp:attachment":[{"href":"https:\/\/comcat.org\/en\/wp-json\/wp\/v2\/media?parent=12964"}],"curies":[{"name":"wp","href":"https:\/\/api.w.org\/{rel}","templated":true}]}}