{"id":12970,"date":"2025-09-10T09:19:57","date_gmt":"2025-09-10T12:19:57","guid":{"rendered":"http:\/\/localhost\/repercussao\/destaques\/"},"modified":"2026-05-06T09:57:44","modified_gmt":"2026-05-06T12:57:44","slug":"destaques","status":"publish","type":"page","link":"https:\/\/comcat.org\/en\/impact\/destaques\/","title":{"rendered":"Highlights"},"content":{"rendered":"<p>Acesse os destaques mais importantes do nosso trabalho. Estaremos atualizando esse espa\u00e7o com materiais desde as origens da ComCat.<\/p>\n","protected":false},"excerpt":{"rendered":"<p>Acesse os destaques mais importantes do nosso trabalho. Estaremos atualizando esse espa\u00e7o com materiais desde as origens da ComCat.<\/p>\n","protected":false},"author":1,"featured_media":16082,"parent":12968,"menu_order":0,"comment_status":"closed","ping_status":"closed","template":"","meta":{"_acf_changed":false,"inline_featured_image":false,"footnotes":""},"class_list":["post-12970","page","type-page","status-publish","has-post-thumbnail","hentry"],"acf":[],"yoast_head":"<!-- This site is optimized with the Yoast SEO plugin v26.9 - https:\/\/yoast.com\/product\/yoast-seo-wordpress\/ -->\n<title>Highlights - Comunidades Catalisadoras | ComCat<\/title>\n<meta name=\"robots\" content=\"index, follow, max-snippet:-1, max-image-preview:large, max-video-preview:-1\" \/>\n<link rel=\"canonical\" href=\"https:\/\/comcat.org\/en\/impact\/destaques\/\" \/>\n<meta property=\"og:locale\" content=\"en_US\" \/>\n<meta property=\"og:type\" content=\"article\" \/>\n<meta property=\"og:title\" content=\"Highlights - Comunidades Catalisadoras | ComCat\" \/>\n<meta property=\"og:description\" content=\"Acesse os destaques mais importantes do nosso trabalho. Estaremos atualizando esse espa\u00e7o com materiais desde as origens da ComCat.\" \/>\n<meta property=\"og:url\" content=\"https:\/\/comcat.org\/en\/impact\/destaques\/\" \/>\n<meta property=\"og:site_name\" content=\"Comunidades Catalisadoras | ComCat\" \/>\n<meta property=\"article:modified_time\" content=\"2026-05-06T12:57:44+00:00\" \/>\n<meta property=\"og:image\" content=\"https:\/\/comcat.org\/wp-content\/uploads\/2022\/11\/Intercambio-RFS-no-CEM-1.jpeg\" \/>\n\t<meta property=\"og:image:width\" content=\"2047\" \/>\n\t<meta property=\"og:image:height\" content=\"1365\" \/>\n\t<meta property=\"og:image:type\" content=\"image\/jpeg\" \/>\n<meta name=\"twitter:card\" content=\"summary_large_image\" \/>\n<meta name=\"twitter:label1\" content=\"Est. reading time\" \/>\n\t<meta name=\"twitter:data1\" content=\"1 minute\" \/>\n<script type=\"application\/ld+json\" class=\"yoast-schema-graph\">{\"@context\":\"https:\/\/schema.org\",\"@graph\":[{\"@type\":\"WebPage\",\"@id\":\"https:\/\/comcat.org\/en\/impact\/destaques\/\",\"url\":\"https:\/\/comcat.org\/en\/impact\/destaques\/\",\"name\":\"Highlights - Comunidades Catalisadoras | ComCat\",\"isPartOf\":{\"@id\":\"https:\/\/comcat.org\/en\/#website\"},\"primaryImageOfPage\":{\"@id\":\"https:\/\/comcat.org\/en\/impact\/destaques\/#primaryimage\"},\"image\":{\"@id\":\"https:\/\/comcat.org\/en\/impact\/destaques\/#primaryimage\"},\"thumbnailUrl\":\"https:\/\/comcat.org\/wp-content\/uploads\/2022\/11\/Intercambio-RFS-no-CEM-1.jpeg\",\"datePublished\":\"2025-09-10T12:19:57+00:00\",\"dateModified\":\"2026-05-06T12:57:44+00:00\",\"breadcrumb\":{\"@id\":\"https:\/\/comcat.org\/en\/impact\/destaques\/#breadcrumb\"},\"inLanguage\":\"en-US\",\"potentialAction\":[{\"@type\":\"ReadAction\",\"target\":[\"https:\/\/comcat.org\/en\/impact\/destaques\/\"]}]},{\"@type\":\"ImageObject\",\"inLanguage\":\"en-US\",\"@id\":\"https:\/\/comcat.org\/en\/impact\/destaques\/#primaryimage\",\"url\":\"https:\/\/comcat.org\/wp-content\/uploads\/2022\/11\/Intercambio-RFS-no-CEM-1.jpeg\",\"contentUrl\":\"https:\/\/comcat.org\/wp-content\/uploads\/2022\/11\/Intercambio-RFS-no-CEM-1.jpeg\",\"width\":2047,\"height\":1365},{\"@type\":\"BreadcrumbList\",\"@id\":\"https:\/\/comcat.org\/en\/impact\/destaques\/#breadcrumb\",\"itemListElement\":[{\"@type\":\"ListItem\",\"position\":1,\"name\":\"In\u00edcio\",\"item\":\"https:\/\/comcat.org\/en\/\"},{\"@type\":\"ListItem\",\"position\":2,\"name\":\"Impact\",\"item\":\"https:\/\/comcat.org\/en\/impact\/\"},{\"@type\":\"ListItem\",\"position\":3,\"name\":\"Highlights\"}]},{\"@type\":\"WebSite\",\"@id\":\"https:\/\/comcat.org\/en\/#website\",\"url\":\"https:\/\/comcat.org\/en\/\",\"name\":\"Comunidades Catalisadoras | ComCat\",\"description\":\"Solu\u00e7\u00f5es, Comunidades, Redes, Favelas, M\u00eddia Social\",\"potentialAction\":[{\"@type\":\"SearchAction\",\"target\":{\"@type\":\"EntryPoint\",\"urlTemplate\":\"https:\/\/comcat.org\/en\/?s={search_term_string}\"},\"query-input\":{\"@type\":\"PropertyValueSpecification\",\"valueRequired\":true,\"valueName\":\"search_term_string\"}}],\"inLanguage\":\"en-US\"}]}<\/script>\n<!-- \/ Yoast SEO plugin. -->","yoast_head_json":{"title":"Highlights - Comunidades Catalisadoras | ComCat","robots":{"index":"index","follow":"follow","max-snippet":"max-snippet:-1","max-image-preview":"max-image-preview:large","max-video-preview":"max-video-preview:-1"},"canonical":"https:\/\/comcat.org\/en\/impact\/destaques\/","og_locale":"en_US","og_type":"article","og_title":"Highlights - Comunidades Catalisadoras | ComCat","og_description":"Acesse os destaques mais importantes do nosso trabalho. Estaremos atualizando esse espa\u00e7o com materiais desde as origens da ComCat.","og_url":"https:\/\/comcat.org\/en\/impact\/destaques\/","og_site_name":"Comunidades Catalisadoras | ComCat","article_modified_time":"2026-05-06T12:57:44+00:00","og_image":[{"width":2047,"height":1365,"url":"https:\/\/comcat.org\/wp-content\/uploads\/2022\/11\/Intercambio-RFS-no-CEM-1.jpeg","type":"image\/jpeg"}],"twitter_card":"summary_large_image","twitter_misc":{"Est. reading time":"1 minute"},"schema":{"@context":"https:\/\/schema.org","@graph":[{"@type":"WebPage","@id":"https:\/\/comcat.org\/en\/impact\/destaques\/","url":"https:\/\/comcat.org\/en\/impact\/destaques\/","name":"Highlights - Comunidades Catalisadoras | ComCat","isPartOf":{"@id":"https:\/\/comcat.org\/en\/#website"},"primaryImageOfPage":{"@id":"https:\/\/comcat.org\/en\/impact\/destaques\/#primaryimage"},"image":{"@id":"https:\/\/comcat.org\/en\/impact\/destaques\/#primaryimage"},"thumbnailUrl":"https:\/\/comcat.org\/wp-content\/uploads\/2022\/11\/Intercambio-RFS-no-CEM-1.jpeg","datePublished":"2025-09-10T12:19:57+00:00","dateModified":"2026-05-06T12:57:44+00:00","breadcrumb":{"@id":"https:\/\/comcat.org\/en\/impact\/destaques\/#breadcrumb"},"inLanguage":"en-US","potentialAction":[{"@type":"ReadAction","target":["https:\/\/comcat.org\/en\/impact\/destaques\/"]}]},{"@type":"ImageObject","inLanguage":"en-US","@id":"https:\/\/comcat.org\/en\/impact\/destaques\/#primaryimage","url":"https:\/\/comcat.org\/wp-content\/uploads\/2022\/11\/Intercambio-RFS-no-CEM-1.jpeg","contentUrl":"https:\/\/comcat.org\/wp-content\/uploads\/2022\/11\/Intercambio-RFS-no-CEM-1.jpeg","width":2047,"height":1365},{"@type":"BreadcrumbList","@id":"https:\/\/comcat.org\/en\/impact\/destaques\/#breadcrumb","itemListElement":[{"@type":"ListItem","position":1,"name":"In\u00edcio","item":"https:\/\/comcat.org\/en\/"},{"@type":"ListItem","position":2,"name":"Impact","item":"https:\/\/comcat.org\/en\/impact\/"},{"@type":"ListItem","position":3,"name":"Highlights"}]},{"@type":"WebSite","@id":"https:\/\/comcat.org\/en\/#website","url":"https:\/\/comcat.org\/en\/","name":"Comunidades Catalisadoras | ComCat","description":"Solu\u00e7\u00f5es, Comunidades, Redes, Favelas, M\u00eddia Social","potentialAction":[{"@type":"SearchAction","target":{"@type":"EntryPoint","urlTemplate":"https:\/\/comcat.org\/en\/?s={search_term_string}"},"query-input":{"@type":"PropertyValueSpecification","valueRequired":true,"valueName":"search_term_string"}}],"inLanguage":"en-US"}]}},"_links":{"self":[{"href":"https:\/\/comcat.org\/en\/wp-json\/wp\/v2\/pages\/12970","targetHints":{"allow":["GET"]}}],"collection":[{"href":"https:\/\/comcat.org\/en\/wp-json\/wp\/v2\/pages"}],"about":[{"href":"https:\/\/comcat.org\/en\/wp-json\/wp\/v2\/types\/page"}],"author":[{"embeddable":true,"href":"https:\/\/comcat.org\/en\/wp-json\/wp\/v2\/users\/1"}],"replies":[{"embeddable":true,"href":"https:\/\/comcat.org\/en\/wp-json\/wp\/v2\/comments?post=12970"}],"version-history":[{"count":9,"href":"https:\/\/comcat.org\/en\/wp-json\/wp\/v2\/pages\/12970\/revisions"}],"predecessor-version":[{"id":16083,"href":"https:\/\/comcat.org\/en\/wp-json\/wp\/v2\/pages\/12970\/revisions\/16083"}],"up":[{"embeddable":true,"href":"https:\/\/comcat.org\/en\/wp-json\/wp\/v2\/pages\/12968"}],"wp:featuredmedia":[{"embeddable":true,"href":"https:\/\/comcat.org\/en\/wp-json\/wp\/v2\/media\/16082"}],"wp:attachment":[{"href":"https:\/\/comcat.org\/en\/wp-json\/wp\/v2\/media?parent=12970"}],"curies":[{"name":"wp","href":"https:\/\/api.w.org\/{rel}","templated":true}]}}